{"id":76,"date":"2012-03-26T13:03:49","date_gmt":"2012-03-26T13:03:49","guid":{"rendered":"http:\/\/haus-rochelsand.de\/?page_id=76"},"modified":"2024-02-08T14:53:20","modified_gmt":"2024-02-08T13:53:20","slug":"rochelsand-whg-4-og-re","status":"publish","type":"page","link":"https:\/\/haus-rochelsand.de\/?page_id=76","title":{"rendered":"Rochelsand Whg.4 OG"},"content":{"rendered":"<p><span style=\"text-decoration: underline;\"><span style=\"font-size: large; color: #000000; font-family: Verdana;\">Rochelsand Whg.4 OG (ca.36 qm bis zu 2 Pers.)<\/span><\/span><\/p>\n<p><span style=\"font-size: large; color: #000000; font-family: Verdana;\">Die Wohnung verf\u00fcgt \u00fcber ein gem\u00fctliches Wohnzimmer mit Flachbildschirm, Stereoanlage und\u00a0eine\u00a0gem\u00fctliche grosse Eckcouch, sowie einer angrenzenden neuen Pantryk\u00fcche. <\/span><span style=\"font-size: large; color: #000000; font-family: Verdana;\">Das separate Schlafzimmer ist mit einem Doppelbett\u00a0(1,80m\u00a0x 2,00m) und einem ger\u00e4umigen Kleiderschrank ausgestattet.\u00a0<\/span><\/p>\n<p><span style=\"font-size: large; color: #000000; font-family: Verdana;\">Ein Badezimmer mit\u00a0Duschkabine, F\u00f6n\u00a0und einer\u00a0Anrichte mit weiterem Stauraum runden den Komfort ab.<\/span><\/p>\n<p><strong>Preise<\/strong><\/p>\n<div id=\"Preis\u00c3\u00bcbersicht Saison 2014_2015_20500\" align=\"center\">\n<table style=\"border-collapse: collapse; table-layout: fixed; width: 611pt;\" border=\"0\" width=\"815\" cellspacing=\"0\" cellpadding=\"0\">\n<tbody>\n<tr style=\"height: 12.75pt;\">\n<td class=\"xl6820500\" style=\"height: 12.75pt; width: 197pt;\" width=\"263\" height=\"17\"><\/td>\n<td class=\"xl6920500\" style=\"width: 201pt;\" width=\"268\">Hauptsaison<span style=\"mso-spacerun: yes;\">\u00a0<\/span><\/td>\n<td class=\"xl7020500\" style=\"width: 213pt;\" width=\"284\">Nebensaison<\/td>\n<\/tr>\n<tr style=\"height: 12.75pt;\">\n<td class=\"xl6720500\" style=\"height: 12.75pt;\" height=\"17\"><\/td>\n<td class=\"xl6620500\" style=\"width: 201pt;\" width=\"268\">27.06.2015 &#8211; 12.09. 2015<\/td>\n<td class=\"xl7120500\">06.01.2015 &#8211; 26.06.2015<\/td>\n<\/tr>\n<tr style=\"height: 12.75pt;\">\n<td class=\"xl6720500\" style=\"height: 12.75pt;\" height=\"17\"><\/td>\n<td class=\"xl6620500\" style=\"width: 201pt;\" width=\"268\">19.12.2015 &#8211; 09.01.2016<\/td>\n<td class=\"xl7120500\">13.09.2014 &#8211; 18.12.2014<\/td>\n<\/tr>\n<tr style=\"height: 12.75pt;\">\n<td class=\"xl6720500\" style=\"height: 12.75pt;\" height=\"17\"><\/td>\n<td class=\"xl6620500\" style=\"width: 201pt;\" width=\"268\">20.12.2014 &#8211; 05.01.2015<\/td>\n<td class=\"xl7120500\"><\/td>\n<\/tr>\n<tr style=\"height: 12.75pt;\">\n<td class=\"xl7220500\" style=\"height: 12.75pt;\" height=\"17\">Appartement\u00a04<span style=\"mso-spacerun: yes;\">\u00a0<\/span><\/td>\n<td class=\"xl7420500\"><\/td>\n<td class=\"xl7420500\"><\/td>\n<\/tr>\n<tr style=\"height: 12.75pt;\">\n<td class=\"xl7620500\" style=\"height: 12.75pt;\" height=\"17\">4 N\u00e4chte<\/td>\n<td class=\"xl7320500\" style=\"border-top: none;\">auf Anfrage<\/td>\n<td class=\"xl7320500\" style=\"border-top: none;\">197,00 Euro<\/td>\n<\/tr>\n<tr style=\"height: 12.75pt;\">\n<td class=\"xl7620500\" style=\"height: 12.75pt;\" height=\"17\">7 N\u00e4chte<\/td>\n<td class=\"xl7320500\" style=\"border-top: none;\">346,00 Euro<\/td>\n<td class=\"xl7320500\" style=\"border-top: none;\">311,00 Euro<\/td>\n<\/tr>\n<tr style=\"height: 12.75pt;\">\n<td class=\"xl7620500\" style=\"height: 12.75pt;\" height=\"17\">14 N\u00e4chte<\/td>\n<td class=\"xl7320500\" style=\"border-top: none;\">647,00 Euro<\/td>\n<td class=\"xl7320500\" style=\"border-top: none;\">577,00 Euro<\/td>\n<\/tr>\n<tr style=\"height: 12.75pt;\">\n<td class=\"xl7720500\" style=\"height: 12.75pt;\" height=\"17\">Verl\u00e4ngerungstag<\/td>\n<td class=\"xl7520500\">43,00 Euro<span style=\"mso-spacerun: yes;\">\u00a0<\/span><\/td>\n<td class=\"xl7520500\">38,00 Euro<\/td>\n<\/tr>\n<tr style=\"display: none;\">\n<td style=\"width: 197pt;\" width=\"263\"><\/td>\n<td style=\"width: 201pt;\" width=\"268\"><\/td>\n<td style=\"width: 213pt;\" width=\"284\"><\/td>\n<\/tr>\n<\/tbody>\n<\/table>\n<\/div>\n","protected":false},"excerpt":{"rendered":"<p>Rochelsand Whg.4 OG (ca.36 qm bis zu 2 Pers.) Die Wohnung verf\u00fcgt \u00fcber ein gem\u00fctliches Wohnzimmer mit Flachbildschirm, Stereoanlage und\u00a0eine\u00a0gem\u00fctliche grosse Eckcouch, sowie einer angrenzenden neuen Pantryk\u00fcche. Das separate Schlafzimmer ist mit einem Doppelbett\u00a0(1,80m\u00a0x 2,00m) und einem ger\u00e4umigen Kleiderschrank ausgestattet.\u00a0 &hellip; <a href=\"https:\/\/haus-rochelsand.de\/?page_id=76\">Weiterlesen <span class=\"meta-nav\">&rarr;<\/span><\/a><\/p>\n","protected":false},"author":2,"featured_media":0,"parent":0,"menu_order":0,"comment_status":"closed","ping_status":"open","template":"","meta":{"footnotes":""},"_links":{"self":[{"href":"https:\/\/haus-rochelsand.de\/index.php?rest_route=\/wp\/v2\/pages\/76"}],"collection":[{"href":"https:\/\/haus-rochelsand.de\/index.php?rest_route=\/wp\/v2\/pages"}],"about":[{"href":"https:\/\/haus-rochelsand.de\/index.php?rest_route=\/wp\/v2\/types\/page"}],"author":[{"embeddable":true,"href":"https:\/\/haus-rochelsand.de\/index.php?rest_route=\/wp\/v2\/users\/2"}],"replies":[{"embeddable":true,"href":"https:\/\/haus-rochelsand.de\/index.php?rest_route=%2Fwp%2Fv2%2Fcomments&post=76"}],"version-history":[{"count":9,"href":"https:\/\/haus-rochelsand.de\/index.php?rest_route=\/wp\/v2\/pages\/76\/revisions"}],"predecessor-version":[{"id":136,"href":"https:\/\/haus-rochelsand.de\/index.php?rest_route=\/wp\/v2\/pages\/76\/revisions\/136"}],"wp:attachment":[{"href":"https:\/\/haus-rochelsand.de\/index.php?rest_route=%2Fwp%2Fv2%2Fmedia&parent=76"}],"curies":[{"name":"wp","href":"https:\/\/api.w.org\/{rel}","templated":true}]}}