{"id":70,"date":"2012-03-26T12:57:26","date_gmt":"2012-03-26T12:57:26","guid":{"rendered":"http:\/\/haus-rochelsand.de\/?page_id=70"},"modified":"2024-02-08T14:53:14","modified_gmt":"2024-02-08T13:53:14","slug":"rochelsand-whg-3-og-li","status":"publish","type":"page","link":"https:\/\/haus-rochelsand.de\/?page_id=70","title":{"rendered":"Rochelsand Whg.3 OG, li."},"content":{"rendered":"<p><span style=\"color: #3366ff; font-family: Verdana; font-size: large;\">Rochelsand Whg.3 OG ( ca.38 qm bis zu 2 Pers.\/ Kind)<\/span><\/p>\n<p><span style=\"color: #3366ff;\">Die Wohnung verf\u00fcgt \u00fcber ein gem\u00fctliches Wohnzimmer mit Flachbildschirm, Stereoanlage. Eine gem\u00fctliche Schlafcouch und ein gr\u00e4umiger Kleiderschrank runden das angenehme Ambiente ab.<\/span><\/p>\n<ul>\n<li><span style=\"color: #3366ff; font-family: Verdana; font-size: large;\">Wohnzimmer mit komfortabler Schlafcouch <\/span><\/li>\n<li><span style=\"color: #3366ff; font-family: Verdana; font-size: large;\">Pantryk\u00fcche <\/span><\/li>\n<li><span style=\"color: #3366ff; font-family: Verdana; font-size: large;\">Kojenbett f\u00fcr eine evtl. 3. Person <\/span><\/li>\n<\/ul>\n<p><span style=\"color: #3366ff; font-family: Verdana; font-size: large;\">Preise:<\/span><\/p>\n<div id=\"Preis\u00c3\u00bcbersicht Saison 2014_2015_20500\" align=\"center\">\n<table style=\"border-collapse: collapse; table-layout: fixed; width: 611pt;\" border=\"0\" width=\"815\" cellspacing=\"0\" cellpadding=\"0\">\n<tbody>\n<tr style=\"height: 12.75pt;\">\n<td class=\"xl6820500\" style=\"height: 12.75pt; width: 197pt;\" width=\"263\" height=\"17\"><\/td>\n<td class=\"xl6920500\" style=\"width: 201pt;\" width=\"268\"><span style=\"color: #3366ff;\">Hauptsaison<\/span><\/td>\n<td class=\"xl7020500\" style=\"width: 213pt;\" width=\"284\"><span style=\"color: #3366ff;\">Nebensaison<\/span><\/td>\n<\/tr>\n<tr style=\"height: 12.75pt;\">\n<td class=\"xl6720500\" style=\"height: 12.75pt;\" height=\"17\"><\/td>\n<td class=\"xl6620500\" style=\"width: 201pt;\" width=\"268\"><span style=\"color: #3366ff;\">27.06.2015 &#8211; 12.09. 2015<\/span><\/td>\n<td class=\"xl7120500\"><span style=\"color: #3366ff;\">06.01.2015 &#8211; 26.06.2015<\/span><\/td>\n<\/tr>\n<tr style=\"height: 12.75pt;\">\n<td class=\"xl6720500\" style=\"height: 12.75pt;\" height=\"17\"><\/td>\n<td class=\"xl6620500\" style=\"width: 201pt;\" width=\"268\"><span style=\"color: #3366ff;\">19.12.2015 &#8211; 09.01.2016<\/span><\/td>\n<td class=\"xl7120500\"><span style=\"color: #3366ff;\">13.09.2015 &#8211; 18.12.2015<\/span><\/td>\n<\/tr>\n<tr style=\"height: 12.75pt;\">\n<td class=\"xl6720500\" style=\"height: 12.75pt;\" height=\"17\"><\/td>\n<td class=\"xl6620500\" style=\"width: 201pt;\" width=\"268\"><span style=\"color: #3366ff;\">20.12.2014 &#8211; 05.01.2015<\/span><\/td>\n<td class=\"xl7120500\"><\/td>\n<\/tr>\n<tr style=\"height: 12.75pt;\">\n<td class=\"xl7220500\" style=\"height: 12.75pt;\" height=\"17\"><span style=\"color: #3366ff;\">Appartement 3 und 4<span style=\"mso-spacerun: yes;\">\u00a0<\/span><\/span><\/td>\n<td class=\"xl7420500\"><\/td>\n<td class=\"xl7420500\"><\/td>\n<\/tr>\n<tr style=\"height: 12.75pt;\">\n<td class=\"xl7620500\" style=\"height: 12.75pt;\" height=\"17\"><span style=\"color: #3366ff;\">4 N\u00e4chte<\/span><\/td>\n<td class=\"xl7320500\" style=\"border-top: none;\"><span style=\"color: #3366ff;\">auf Anfrage<\/span><\/td>\n<td class=\"xl7320500\" style=\"border-top: none;\"><span style=\"color: #3366ff;\">197,00 Euro<\/span><\/td>\n<\/tr>\n<tr style=\"height: 12.75pt;\">\n<td class=\"xl7620500\" style=\"height: 12.75pt;\" height=\"17\"><span style=\"color: #3366ff;\">7 N\u00e4chte<\/span><\/td>\n<td class=\"xl7320500\" style=\"border-top: none;\"><span style=\"color: #3366ff;\">346,00 Euro<\/span><\/td>\n<td class=\"xl7320500\" style=\"border-top: none;\"><span style=\"color: #3366ff;\">311,00 Euro<\/span><\/td>\n<\/tr>\n<tr style=\"height: 12.75pt;\">\n<td class=\"xl7620500\" style=\"height: 12.75pt;\" height=\"17\"><span style=\"color: #3366ff;\">14 N\u00e4chte<\/span><\/td>\n<td class=\"xl7320500\" style=\"border-top: none;\"><span style=\"color: #3366ff;\">647,00 Euro<\/span><\/td>\n<td class=\"xl7320500\" style=\"border-top: none;\"><span style=\"color: #3366ff;\">577,00 Euro<\/span><\/td>\n<\/tr>\n<tr style=\"height: 12.75pt;\">\n<td class=\"xl7720500\" style=\"height: 12.75pt;\" height=\"17\"><span style=\"color: #3366ff;\">Verl\u00e4ngerungstag<\/span><\/td>\n<td class=\"xl7520500\"><span style=\"color: #3366ff;\">43,00 Euro<span style=\"mso-spacerun: yes;\">\u00a0<\/span><\/span><\/td>\n<td class=\"xl7520500\"><span style=\"color: #3366ff;\">38,00 Euro<\/span><\/td>\n<\/tr>\n<tr style=\"display: none;\">\n<td style=\"width: 197pt;\" width=\"263\"><\/td>\n<td style=\"width: 201pt;\" width=\"268\"><\/td>\n<td style=\"width: 213pt;\" width=\"284\"><\/td>\n<\/tr>\n<\/tbody>\n<\/table>\n<\/div>\n","protected":false},"excerpt":{"rendered":"<p>Rochelsand Whg.3 OG ( ca.38 qm bis zu 2 Pers.\/ Kind) Die Wohnung verf\u00fcgt \u00fcber ein gem\u00fctliches Wohnzimmer mit Flachbildschirm, Stereoanlage. Eine gem\u00fctliche Schlafcouch und ein gr\u00e4umiger Kleiderschrank runden das angenehme Ambiente ab. Wohnzimmer mit komfortabler Schlafcouch Pantryk\u00fcche Kojenbett f\u00fcr &hellip; <a href=\"https:\/\/haus-rochelsand.de\/?page_id=70\">Weiterlesen <span class=\"meta-nav\">&rarr;<\/span><\/a><\/p>\n","protected":false},"author":2,"featured_media":0,"parent":0,"menu_order":0,"comment_status":"closed","ping_status":"open","template":"","meta":{"footnotes":""},"_links":{"self":[{"href":"https:\/\/haus-rochelsand.de\/index.php?rest_route=\/wp\/v2\/pages\/70"}],"collection":[{"href":"https:\/\/haus-rochelsand.de\/index.php?rest_route=\/wp\/v2\/pages"}],"about":[{"href":"https:\/\/haus-rochelsand.de\/index.php?rest_route=\/wp\/v2\/types\/page"}],"author":[{"embeddable":true,"href":"https:\/\/haus-rochelsand.de\/index.php?rest_route=\/wp\/v2\/users\/2"}],"replies":[{"embeddable":true,"href":"https:\/\/haus-rochelsand.de\/index.php?rest_route=%2Fwp%2Fv2%2Fcomments&post=70"}],"version-history":[{"count":7,"href":"https:\/\/haus-rochelsand.de\/index.php?rest_route=\/wp\/v2\/pages\/70\/revisions"}],"predecessor-version":[{"id":139,"href":"https:\/\/haus-rochelsand.de\/index.php?rest_route=\/wp\/v2\/pages\/70\/revisions\/139"}],"wp:attachment":[{"href":"https:\/\/haus-rochelsand.de\/index.php?rest_route=%2Fwp%2Fv2%2Fmedia&parent=70"}],"curies":[{"name":"wp","href":"https:\/\/api.w.org\/{rel}","templated":true}]}}