{"id":63,"date":"2012-03-22T13:50:20","date_gmt":"2012-03-22T13:50:20","guid":{"rendered":"http:\/\/haus-rochelsand.de\/?page_id=63"},"modified":"2024-02-08T14:53:07","modified_gmt":"2024-02-08T13:53:07","slug":"rochelsand-whg-1-eg-ca-42-fur-bis-zu-4-pers","status":"publish","type":"page","link":"https:\/\/haus-rochelsand.de\/?page_id=63","title":{"rendered":"Rochelsand Whg.1 EG"},"content":{"rendered":"<p><span style=\"font-size: large; color: #000000; font-family: Verdana;\">Die Wohnung 1 ist ca. 42 qm gro\u00df\u00a0und f\u00fcr bis zu\u00a04 Personen ausgelegt.\u00a0Die nach\u00a0Osten gerichtete\u00a0Terrasse mit Blick in den Garten und den bequemen Gartenm\u00f6beln l\u00e4dt zum\u00a0Entspannen ein. F\u00fcr\u00a0Grillfreunde steht ein Grill zur Nutzung\u00a0bereit.<\/span><span style=\"font-size: large; color: #000000; font-family: Verdana;\">Die Ausstattung der\u00a0Wohnung umfasst:<\/span><\/p>\n<ul>\n<li><span style=\"font-size: large; color: #000000; font-family: Verdana;\">eine\u00a0K\u00fcche mit allen\u00a0notwendigen K\u00fcchenutensilien (Backofen,\u00a0Toaster, Waffeleisen,\u00a0Wasserkocher, Mixer etc.)<\/span><\/li>\n<li><span style=\"font-size: large; color: #000000; font-family: Verdana;\">Wohnzimmer mit komfortabler neuer Schlafcouch, Kleiderschrank,\u00a0Flachbildfernseher und\u00a0Stereoanlage\u00a0<\/span><\/li>\n<li>Ein zus\u00e4tzliches Kojenbett in der K\u00fcche bietet Platz f\u00fcr\u00a0eine 3. und 4. Person<\/li>\n<li><span style=\"font-size: large; color: #000000; font-family: Verdana;\">Bad mit Duschekabine und Waschmaschine<\/span><\/li>\n<li><span style=\"font-size: large; color: #000000; font-family: Verdana;\">Preise:<\/span><\/li>\n<\/ul>\n<div id=\"Preis\u00c3\u00bcbersicht Saison 2014_2015_20500\" align=\"center\">\n<table style=\"border-collapse: collapse; table-layout: fixed; width: 611pt;\" border=\"0\" width=\"815\" cellspacing=\"0\" cellpadding=\"0\">\n<tbody>\n<tr style=\"height: 12.75pt;\">\n<td class=\"xl6820500\" style=\"height: 12.75pt; width: 197pt;\" width=\"263\" height=\"17\"><\/td>\n<td class=\"xl6920500\" style=\"width: 201pt;\" width=\"268\">Hauptsaison<\/td>\n<td class=\"xl7020500\" style=\"width: 213pt;\" width=\"284\">Nebensaison<\/td>\n<\/tr>\n<tr style=\"height: 12.75pt;\">\n<td class=\"xl6720500\" style=\"height: 12.75pt;\" height=\"17\"><\/td>\n<td class=\"xl6620500\" style=\"width: 201pt;\" width=\"268\">29.06.2014 &#8211; 07.09. 2014<\/td>\n<td class=\"xl7120500\">05.01.2014 &#8211; 28.06.2014<\/td>\n<\/tr>\n<tr style=\"height: 12.75pt;\">\n<td class=\"xl6720500\" style=\"height: 12.75pt;\" height=\"17\"><\/td>\n<td class=\"xl6620500\" style=\"width: 201pt;\" width=\"268\">20.12.2014 &#8211; 05.01.2015<\/td>\n<td class=\"xl7120500\">08.09.2014 &#8211; 19.12.2014<\/td>\n<\/tr>\n<tr style=\"height: 12.75pt;\">\n<td class=\"xl6720500\" style=\"height: 12.75pt;\" height=\"17\"><\/td>\n<td class=\"xl6620500\" style=\"width: 201pt;\" width=\"268\">21.12.2013 &#8211; 04.01.2014<\/td>\n<td class=\"xl7120500\"><\/td>\n<\/tr>\n<tr style=\"height: 12.75pt;\">\n<td class=\"xl7220500\" style=\"height: 12.75pt;\" height=\"17\">Appartement\u00a01<span style=\"mso-spacerun: yes;\">\u00a0<\/span><\/td>\n<td class=\"xl7420500\"><\/td>\n<td class=\"xl7420500\"><\/td>\n<\/tr>\n<tr style=\"height: 12.75pt;\">\n<td class=\"xl7620500\" style=\"height: 12.75pt;\" height=\"17\">4 N\u00e4chte<\/td>\n<td class=\"xl7320500\" style=\"border-top: none;\">auf Anfrage<\/td>\n<td class=\"xl7320500\" style=\"border-top: none;\">213,00 Euro<\/td>\n<\/tr>\n<tr style=\"height: 12.75pt;\">\n<td class=\"xl7620500\" style=\"height: 12.75pt;\" height=\"17\">7 N\u00e4chte<\/td>\n<td class=\"xl7320500\" style=\"border-top: none;\">381,00 Euro<\/td>\n<td class=\"xl7320500\" style=\"border-top: none;\">339,00 Euro<\/td>\n<\/tr>\n<tr style=\"height: 12.75pt;\">\n<td class=\"xl7620500\" style=\"height: 12.75pt;\" height=\"17\">14 N\u00e4chte<\/td>\n<td class=\"xl7320500\" style=\"border-top: none;\">717,00 Euro<\/td>\n<td class=\"xl7320500\" style=\"border-top: none;\">633,00 Euro<\/td>\n<\/tr>\n<tr style=\"height: 12.75pt;\">\n<td class=\"xl7720500\" style=\"height: 12.75pt;\" height=\"17\">Verl\u00e4ngerungstag<\/td>\n<td class=\"xl7520500\">48,00 Euro<span style=\"mso-spacerun: yes;\">\u00c2\u00a0<\/span><\/td>\n<td class=\"xl7520500\">42,00 Euro<\/td>\n<\/tr>\n<tr style=\"display: none;\">\n<td style=\"width: 197pt;\" width=\"263\"><\/td>\n<td style=\"width: 201pt;\" width=\"268\"><\/td>\n<td style=\"width: 213pt;\" width=\"284\"><\/td>\n<\/tr>\n<\/tbody>\n<\/table>\n<table style=\"border-collapse: collapse; table-layout: fixed; width: 204pt;\" border=\"0\" width=\"272\" cellspacing=\"0\" cellpadding=\"0\">\n<tbody>\n<tr style=\"height: 12.75pt;\">\n<td class=\"xl6321278\" style=\"height: 12.75pt; width: 204pt;\" width=\"272\" height=\"17\">Preise<br \/>\ninklusive Endreinigung<\/td>\n<\/tr>\n<tr style=\"height: 12.75pt;\">\n<td class=\"xl6321278\" style=\"height: 12.75pt;\" height=\"17\">Buchungen unter 4<br \/>\nN\u00e4chten Kurzzuschlag 30,00 Euro<\/td>\n<\/tr>\n<tr style=\"height: 12.75pt;\">\n<td class=\"xl6321278\" style=\"height: 12.75pt;\" height=\"17\">Bettw\u00e4sche auf Wunsch:<br \/>\n10,00 Euro pro Person<\/td>\n<\/tr>\n<tr style=\"height: 12.75pt;\">\n<td class=\"xl6321278\" style=\"height: 12.75pt;\" height=\"17\">Handt\u00fccher auf Wunsch:<br \/>\n8,00 Euro pro Person<\/td>\n<\/tr>\n<tr style=\"height: 12.75pt;\">\n<td class=\"xl6321278\" style=\"height: 12.75pt;\" height=\"17\">Kinderreisebett: 2,00<br \/>\nEuro pro Nacht, mind. 6,00 Euro<\/td>\n<\/tr>\n<tr style=\"height: 12.75pt;\">\n<td class=\"xl6321278\" style=\"height: 12.75pt;\" height=\"17\">Hochstuhl: 2,00 Euro pro<br \/>\nNacht, mind. 6,00 Euro<\/td>\n<\/tr>\n<tr style=\"display: none;\">\n<td style=\"width: 204pt;\" width=\"272\"><\/td>\n<\/tr>\n<\/tbody>\n<\/table>\n<\/div>\n<p>&nbsp;<\/p>\n","protected":false},"excerpt":{"rendered":"<p>Die Wohnung 1 ist ca. 42 qm gro\u00df\u00a0und f\u00fcr bis zu\u00a04 Personen ausgelegt.\u00a0Die nach\u00a0Osten gerichtete\u00a0Terrasse mit Blick in den Garten und den bequemen Gartenm\u00f6beln l\u00e4dt zum\u00a0Entspannen ein. F\u00fcr\u00a0Grillfreunde steht ein Grill zur Nutzung\u00a0bereit.Die Ausstattung der\u00a0Wohnung umfasst: eine\u00a0K\u00fcche mit allen\u00a0notwendigen K\u00fcchenutensilien &hellip; <a href=\"https:\/\/haus-rochelsand.de\/?page_id=63\">Weiterlesen <span class=\"meta-nav\">&rarr;<\/span><\/a><\/p>\n","protected":false},"author":2,"featured_media":0,"parent":0,"menu_order":0,"comment_status":"closed","ping_status":"open","template":"","meta":{"footnotes":""},"_links":{"self":[{"href":"https:\/\/haus-rochelsand.de\/index.php?rest_route=\/wp\/v2\/pages\/63"}],"collection":[{"href":"https:\/\/haus-rochelsand.de\/index.php?rest_route=\/wp\/v2\/pages"}],"about":[{"href":"https:\/\/haus-rochelsand.de\/index.php?rest_route=\/wp\/v2\/types\/page"}],"author":[{"embeddable":true,"href":"https:\/\/haus-rochelsand.de\/index.php?rest_route=\/wp\/v2\/users\/2"}],"replies":[{"embeddable":true,"href":"https:\/\/haus-rochelsand.de\/index.php?rest_route=%2Fwp%2Fv2%2Fcomments&post=63"}],"version-history":[{"count":15,"href":"https:\/\/haus-rochelsand.de\/index.php?rest_route=\/wp\/v2\/pages\/63\/revisions"}],"predecessor-version":[{"id":140,"href":"https:\/\/haus-rochelsand.de\/index.php?rest_route=\/wp\/v2\/pages\/63\/revisions\/140"}],"wp:attachment":[{"href":"https:\/\/haus-rochelsand.de\/index.php?rest_route=%2Fwp%2Fv2%2Fmedia&parent=63"}],"curies":[{"name":"wp","href":"https:\/\/api.w.org\/{rel}","templated":true}]}}